{"id":124,"date":"2012-08-14T16:42:37","date_gmt":"2012-08-14T16:42:37","guid":{"rendered":"http:\/\/www.caseyreeve.com\/deutsch\/?page_id=124"},"modified":"2021-01-07T16:02:46","modified_gmt":"2021-01-07T16:02:46","slug":"caseyreeve","status":"publish","type":"page","link":"https:\/\/www.caseyreeve.com\/deutsch\/caseyreeve\/","title":{"rendered":"Casey Reeve"},"content":{"rendered":"<p><img loading=\"lazy\" class=\"alignleft size-medium wp-image-127\" title=\"Bio Photo\" src=\"http:\/\/www.caseyreeve.com\/deutsch\/wp-content\/uploads\/2012\/08\/6443-199x300.jpg\" alt=\"\" width=\"199\" height=\"300\" srcset=\"https:\/\/www.caseyreeve.com\/deutsch\/wp-content\/uploads\/2012\/08\/6443-199x300.jpg 199w, https:\/\/www.caseyreeve.com\/deutsch\/wp-content\/uploads\/2012\/08\/6443.jpg 426w\" sizes=\"(max-width: 199px) 100vw, 199px\" \/><\/p>\n<p>Casey Reeve stammt aus Portland, Oregon, in den USA. Von Kindesbeinen an war er von Musik umgeben. Als j\u00fcngster von f\u00fcnf Kindern h\u00f6rte er oft, wie seine Geschwister Klavier \u00fcbten. Seine Mutter, eine erfolgreiche S\u00e4ngerin, \u00fcbte tags\u00fcber Arien von Verdi, Mozart und Rossini. Doch Singen und Klavierspielen interessierten den jungen Reeve nicht allzu sehr. Sein \u00e4ltester Bruder besa\u00df eine alte Trompete und als Reeve sie schlie\u00dflich in einem Schrank entdeckte, wusste er, dass er sein Instrument gefunden hatte.<\/p>\n<p>Reeve begann im Alter von neun Jahren mit dem Instrumentalunterricht. <a href=\"http:\/\/www.caseyreeve.com\/my-teachers\/\">Fred Sautter<\/a>, seinerzeit Solo-Trompeter des Oregon Symphony Orchestra sowie Solo-Trompeter des Philharmonischen Staatsorchesters Hamburg und nun im Ruhestand, war sein erster Lehrer. Bei Fred Sautter gelang es Reeve, f\u00fcr den Sommer 2004 ein Vollstipendium am angesehenen Boston University Tanglewood Institute zu erhalten. Anschlie\u00dfend setzte er sein Studium bei dem ber\u00fchmten, inzwischen pensionierten, <a href=\"http:\/\/www.caseyreeve.com\/my-teachers\/\">Charles Schlueter<\/a> fort, dem Solo-Trompeter des Boston Symphony Orchestra. Am <a href=\"http:\/\/necmusic.edu\/\">New England Conservatory<\/a> spielte Reeve Kammermusik, Orchestermusik und Solost\u00fccke. Er gr\u00fcndete dort auch eigene Ensembles, unter anderem das Nova Brass Quintet, mit dem er f\u00fcr das Studienjahr 2009\/10 ein Stipendium des <em>Community Performances and Partnerships Program<\/em> des Konservatoriums gewann. W\u00e4hrend seiner Zeit in Boston spielte Reeve regelm\u00e4\u00dfig mit dem <a href=\"http:\/\/www.epicbrass.com\/\">Epic Brass Quintet<\/a> und war Mitglied des New England Philharmonic Orchestra. Au\u00dferdem spielte er von 2007\u20132010 Trompete f\u00fcr Son de America, wobei er mit der Gruppe auch zwei CDs aufnahm.<\/p>\n<p>Im Herbst 2010 kam Reeve nach K\u00f6ln, wo er sich schnell als hervorragender Trompeter etablierte. Unter anderem spielte er oft mit dem Beethoven Orchester, dem Orchester Camerata Louis Spohr und dem <a href=\"http:\/\/www.guerzenich-orchester.de\/\">G\u00fcrzenich-Orchester K\u00f6ln<\/a>. Im Fr\u00fchjahr 2013 erhielt Reeve den Abschluss Master of Music von der <a href=\"http:\/\/www.hfmt-koeln.de\/\">Hochschule f\u00fcr Musik und Tanz K\u00f6ln<\/a>, wo er bei <a href=\"http:\/\/www.urbanagnas.com\/\">Professor Urban Agnas<\/a> studierte.<\/p>\n<p>Reeve begann im Herbst 2013 mit dem Studium der Barocktrompete bei Professor Friedemann Immer. Im Dezember 2013 gewann er auf der Barocktrompete den Musikf\u00f6rderpreis des Lions-Club K\u00f6ln-Colonia. Seit 2013 hat er auch mit zahlreichen Barockorchestern gespielt, unter anderem mit dem Consortium Musica Sacra K\u00f6ln, dem Ensemble Harmonie Universelle, dem Hamburger Barockorchester, der Hannoverschen Hofkapelle, dem Ensemble Cappella Confluentes, dem Ensemble Festa d\u2019Orecchi, der Accademia Filarmonica K\u00f6ln, dem Kammerorchester Concerto Farinelli, dem Ensemble La Visione, dem Europ\u00e4ischen Barockorchester Le Chardon und dem Barockorchester Il Sole. Er hegt eine gro\u00dfe Leidenschaft f\u00fcr Barockmusik und die historische Auff\u00fchrungspraxis.<\/p>\n<p>Reeve spielt au\u00dferdem Solo-Trompete im Orchester Camerata Louis Spohr, wo er von klassischen Oratorien bis zu Musicals ein gro\u00dfes Repertoire abdeckt. Seit 2016 spielt er auch regelm\u00e4\u00dfig mit der Klassischen Philharmonie Bonn. Er ist Gr\u00fcndungsmitglied des Ensembles Navus Brass und momentan Lehrkraft an der St\u00e4dtischen Musikschule Hamm sowie an der Musikschule der Stadt Sprockh\u00f6vel.<\/p>\n","protected":false},"excerpt":{"rendered":"<p>Casey Reeve stammt aus Portland, Oregon, in den USA. Von Kindesbeinen an war er von Musik umgeben. Als j\u00fcngster von f\u00fcnf Kindern h\u00f6rte er oft, wie seine Geschwister Klavier \u00fcbten. Seine Mutter, eine erfolgreiche S\u00e4ngerin, \u00fcbte tags\u00fcber Arien von Verdi, Mozart und Rossini. Doch Singen und Klavierspielen interessierten den jungen Reeve nicht allzu sehr. Sein [&hellip;]<\/p>\n","protected":false},"author":1,"featured_media":0,"parent":0,"menu_order":0,"comment_status":"closed","ping_status":"closed","template":"","meta":[],"_links":{"self":[{"href":"https:\/\/www.caseyreeve.com\/deutsch\/wp-json\/wp\/v2\/pages\/124"}],"collection":[{"href":"https:\/\/www.caseyreeve.com\/deutsch\/wp-json\/wp\/v2\/pages"}],"about":[{"href":"https:\/\/www.caseyreeve.com\/deutsch\/wp-json\/wp\/v2\/types\/page"}],"author":[{"embeddable":true,"href":"https:\/\/www.caseyreeve.com\/deutsch\/wp-json\/wp\/v2\/users\/1"}],"replies":[{"embeddable":true,"href":"https:\/\/www.caseyreeve.com\/deutsch\/wp-json\/wp\/v2\/comments?post=124"}],"version-history":[{"count":12,"href":"https:\/\/www.caseyreeve.com\/deutsch\/wp-json\/wp\/v2\/pages\/124\/revisions"}],"predecessor-version":[{"id":325,"href":"https:\/\/www.caseyreeve.com\/deutsch\/wp-json\/wp\/v2\/pages\/124\/revisions\/325"}],"wp:attachment":[{"href":"https:\/\/www.caseyreeve.com\/deutsch\/wp-json\/wp\/v2\/media?parent=124"}],"curies":[{"name":"wp","href":"https:\/\/api.w.org\/{rel}","templated":true}]}}