{"id":153,"date":"2012-11-07T11:53:47","date_gmt":"2012-11-07T11:53:47","guid":{"rendered":"http:\/\/www.caseyreeve.com\/deutsch\/?page_id=153"},"modified":"2014-03-06T12:35:15","modified_gmt":"2014-03-06T12:35:15","slug":"lehrerfahrung","status":"publish","type":"page","link":"https:\/\/www.caseyreeve.com\/deutsch\/lehrerfahrung\/","title":{"rendered":"Lehrerfahrung"},"content":{"rendered":"<p>Als 16-J\u00e4hriger begann Casey Reeve Privatunterricht zu geben. Zusammen mit einem privaten Studio unterrichtete er im Peer Mentor Program des Portland Youth Philharmonic benachteiligte Sch\u00fcler in der Umgebung von Portland Oregon.<\/p>\n<p>W\u00e4hrend seines Studiums am New England Conservatory unterrichtete Casey weiter als Trompetenlehrer an der Edwards Middle School, einer innerst\u00e4dtischen Schule in Boston. Er leitete au\u00dferdem Trompeten-Workshops mit Son de America, der f\u00fchrenden Mariachi Band im Raum Boston.<\/p>\n<p>Zur Zeit unterrichtet C. Reeve Trompetensch\u00fcler im Alter von 7 bis 17 Jahren an der Musikschule in Hamm, Deutschland. Mit seinen \u00fcber 10 Jahren Lehrerfahrung hatte er Gelegenheit, Sch\u00fcler unterschiedlichen Alters auf verschiedenen Niveaus zu unterrichten. Casey glaubt, das Erf\u00fcllendste besteht f\u00fcr einen Musiker darin, das selbst Gelernte weiterzugeben, Sch\u00fclern zu helfen, das R\u00e4tsel des eigenen Spiels zu l\u00f6sen und nicht Geglaubtes zu erreichen.<\/p>\n","protected":false},"excerpt":{"rendered":"<p>Als 16-J\u00e4hriger begann Casey Reeve Privatunterricht zu geben. Zusammen mit einem privaten Studio unterrichtete er im Peer Mentor Program des Portland Youth Philharmonic benachteiligte Sch\u00fcler in der Umgebung von Portland Oregon. W\u00e4hrend seines Studiums am New England Conservatory unterrichtete Casey weiter als Trompetenlehrer an der Edwards Middle School, einer innerst\u00e4dtischen Schule in Boston. Er leitete [&hellip;]<\/p>\n","protected":false},"author":1,"featured_media":0,"parent":0,"menu_order":0,"comment_status":"closed","ping_status":"closed","template":"","meta":[],"_links":{"self":[{"href":"https:\/\/www.caseyreeve.com\/deutsch\/wp-json\/wp\/v2\/pages\/153"}],"collection":[{"href":"https:\/\/www.caseyreeve.com\/deutsch\/wp-json\/wp\/v2\/pages"}],"about":[{"href":"https:\/\/www.caseyreeve.com\/deutsch\/wp-json\/wp\/v2\/types\/page"}],"author":[{"embeddable":true,"href":"https:\/\/www.caseyreeve.com\/deutsch\/wp-json\/wp\/v2\/users\/1"}],"replies":[{"embeddable":true,"href":"https:\/\/www.caseyreeve.com\/deutsch\/wp-json\/wp\/v2\/comments?post=153"}],"version-history":[{"count":5,"href":"https:\/\/www.caseyreeve.com\/deutsch\/wp-json\/wp\/v2\/pages\/153\/revisions"}],"predecessor-version":[{"id":265,"href":"https:\/\/www.caseyreeve.com\/deutsch\/wp-json\/wp\/v2\/pages\/153\/revisions\/265"}],"wp:attachment":[{"href":"https:\/\/www.caseyreeve.com\/deutsch\/wp-json\/wp\/v2\/media?parent=153"}],"curies":[{"name":"wp","href":"https:\/\/api.w.org\/{rel}","templated":true}]}}