{"id":89,"date":"2012-05-06T20:19:19","date_gmt":"2012-05-06T20:19:19","guid":{"rendered":"http:\/\/www.caseyreeve.com\/deutsch\/?page_id=89"},"modified":"2021-01-07T15:54:25","modified_gmt":"2021-01-07T15:54:25","slug":"audio","status":"publish","type":"page","link":"https:\/\/www.caseyreeve.com\/deutsch\/audio\/","title":{"rendered":"Audio"},"content":{"rendered":"<p>Sonata X aus Sonatae tam aris quam aulis servientes von Heinrich Biber<\/p>\n<p><iframe title=\"Biber, Heinrich  Sonata X aus Sonatae tam aris quam aulis servientes\" width=\"500\" height=\"281\" src=\"https:\/\/www.youtube.com\/embed\/ezqlGwp9kY4?feature=oembed\" frameborder=\"0\" allow=\"accelerometer; autoplay; clipboard-write; encrypted-media; gyroscope; picture-in-picture\" allowfullscreen><\/iframe><\/p>\n<p>&nbsp;<\/p>\n<p>Sonata a 5 von Johann Heinrich Schmelzer<\/p>\n<p><iframe title=\"Schmelzer, Johann Heinrich Sonata a 5\" width=\"500\" height=\"281\" src=\"https:\/\/www.youtube.com\/embed\/tzyv_ycYfKU?feature=oembed\" frameborder=\"0\" allow=\"accelerometer; autoplay; clipboard-write; encrypted-media; gyroscope; picture-in-picture\" allowfullscreen><\/iframe><\/p>\n<p>H\u00e4ndel, Arie Largetto, Ombra mai fu<\/p>\n<p><a id=\"mbmaplayer_1610034816546\" class=\"mb_map {skin:'black', animate:true, width:'350', volume:0.8, autoplay:false, loop:false, showVolumeLevel:true, showTime:true, allowMute:true, showRew:true, addGradientOverlay:false, downloadable:false, downloadablesecurity:false, id3: false}\" href=\"http:\/\/www.caseyreeve.com\/deutsch\/wp-content\/uploads\/2021\/01\/Arie-Largetto-Handel-Ombra-mai-fu.mp3\">H\u00e4ndel Ombra mai fu<\/a><\/p>\n<p>H\u00e4ndel Suite in D, 1. und 2. S\u00e4tze, Moderne Piccolo Trompete<\/p>\n<p><a id=\"mbmaplayer_1610034801650\" class=\"mb_map {skin:'black', animate:true, width:'350', volume:0.8, autoplay:false, loop:false, showVolumeLevel:true, showTime:true, allowMute:true, showRew:true, addGradientOverlay:false, downloadable:false, downloadablesecurity:false, id3: false}\" href=\"http:\/\/www.caseyreeve.com\/deutsch\/wp-content\/uploads\/2021\/01\/Handel-Suite-1.-und-2.-Wiesbaden.mp3\">H\u00e4ndel Suite in D<\/a><\/p>\n<p>Purcell Sonata in D, 3. Satz, Moderne Piccolo Trompete<\/p>\n<p><a id=\"mbmaplayer_1610034859946\" class=\"mb_map {skin:'black', animate:true, width:'350', volume:0.8, autoplay:false, loop:false, showVolumeLevel:true, showTime:true, allowMute:true, showRew:true, addGradientOverlay:false, downloadable:false, downloadablesecurity:false, id3: false}\" href=\"http:\/\/www.caseyreeve.com\/deutsch\/wp-content\/uploads\/2021\/01\/Purcell-Sonata-Mov-3.mp3\">Purcell Sonata 3. Satz<\/a><\/p>\n<p>&nbsp;<\/p>\n","protected":false},"excerpt":{"rendered":"<p>Sonata X aus Sonatae tam aris quam aulis servientes von Heinrich Biber &nbsp; Sonata a 5 von Johann Heinrich Schmelzer H\u00e4ndel, Arie Largetto, Ombra mai fu H\u00e4ndel Ombra mai fu H\u00e4ndel Suite in D, 1. und 2. S\u00e4tze, Moderne Piccolo Trompete H\u00e4ndel Suite in D Purcell Sonata in D, 3. Satz, Moderne Piccolo Trompete Purcell [&hellip;]<\/p>\n","protected":false},"author":1,"featured_media":0,"parent":0,"menu_order":0,"comment_status":"closed","ping_status":"closed","template":"","meta":[],"_links":{"self":[{"href":"https:\/\/www.caseyreeve.com\/deutsch\/wp-json\/wp\/v2\/pages\/89"}],"collection":[{"href":"https:\/\/www.caseyreeve.com\/deutsch\/wp-json\/wp\/v2\/pages"}],"about":[{"href":"https:\/\/www.caseyreeve.com\/deutsch\/wp-json\/wp\/v2\/types\/page"}],"author":[{"embeddable":true,"href":"https:\/\/www.caseyreeve.com\/deutsch\/wp-json\/wp\/v2\/users\/1"}],"replies":[{"embeddable":true,"href":"https:\/\/www.caseyreeve.com\/deutsch\/wp-json\/wp\/v2\/comments?post=89"}],"version-history":[{"count":10,"href":"https:\/\/www.caseyreeve.com\/deutsch\/wp-json\/wp\/v2\/pages\/89\/revisions"}],"predecessor-version":[{"id":323,"href":"https:\/\/www.caseyreeve.com\/deutsch\/wp-json\/wp\/v2\/pages\/89\/revisions\/323"}],"wp:attachment":[{"href":"https:\/\/www.caseyreeve.com\/deutsch\/wp-json\/wp\/v2\/media?parent=89"}],"curies":[{"name":"wp","href":"https:\/\/api.w.org\/{rel}","templated":true}]}}